{"id":46,"date":"2021-07-27T07:32:02","date_gmt":"2021-07-27T07:32:02","guid":{"rendered":"https:\/\/bia-bloggt.de\/?page_id=46"},"modified":"2024-04-02T17:31:15","modified_gmt":"2024-04-02T17:31:15","slug":"was-ist-eigendlichdieses-stampin-up","status":"publish","type":"page","link":"https:\/\/bia-bloggt.de\/startseite\/was-ist-eigendlichdieses-stampin-up\/","title":{"rendered":">Was ist eigendlich Stampin up ?"},"content":{"rendered":"<p>Was ist Stampin up ?<br \/>\nStampin\u2019 Up! ist eine Gesellschaft mit Direktvertrieb, die Gummistempel und Papierbastelprodukte durch ein Netzwerk unabh\u00e4ngiger Vertragspartner, den sogenannten Demonstratoren, verkauft. In den letzten 20 Jahren hat sich Stampin\u2019 Up! zu einer der wichtigsten Gesellschaften der Papierbastelindustrie entwickelt und sich einen Namen mit hochwertigen Produkten, innovativen Techniken und bester Unterst\u00fctzung seiner Demonstratoren gemacht.<\/p>\n<p>Was ist Direktvertrieb?<\/p>\n<p>Direktvertrieb wird oft als Netzwerkmarketing bezeichnet und \u00e4hnelt sehr dem Einzelhandel. Im Einzelhandel wird ein Produkt zu einem Verteiler geschickt, der es an den Einzelhandel liefert, wo der Kunde das Produkt kaufen kann. Beim Direktverkauf wird das Produkt direkt an unabh\u00e4ngige Vertragspartnern geschickt; Stampin\u2019 Up! nennt sie Demonstratoren. Sie verkaufen die Produkte dann an ein Netzwerk von K\u00e4ufern oder Kunden. H\u00e4ufig werden diese Gesch\u00e4fte von zu Hause aus get\u00e4tigt.<\/p>\n<p>Es gibt viele Gr\u00fcnde, weswegen Stampin\u2019 Up! auf das Direktvertriebsmodell setzt. Als Shelli Gardner, die Hauptgesch\u00e4ftsf\u00fchrerin und Mitbegr\u00fcnderin von Stampin\u2019 Up!, anfing, die Idee einer Gummistempelfirma zu entwickeln, schwebte ihr eine Gesellschaft vor, die es ihren Demonstratoren erlaubt, so zu arbeiten, wie es ihrer Lebenssituation am besten gerecht wird. Angefangen von Hobbybastlern, die ihr Stempelhobby durch regelm\u00e4\u00dfige Verk\u00e4ufe finanzieren, bis hin zu Vollzeitdemonstratoren, die ein erfolgreiches Gesch\u00e4ft von zu Hause aus betreiben, gibt es die verschiedensten Intentionen, Demonstrator bei Stampin\u2019 Up zu werden.<\/p>\n<p>Zus\u00e4tzlich erf\u00fcllt ein Direktvertrieb noch ein weiteres Ziel von Stampin\u2019 Up!: Man baut langfristige Bekanntschaften auf. Wenn Sie Stampin\u2019 Up! kennenlernen, werden Sie feststellen, dass die Beziehungen, die Sie zu Ihrem Demonstrator \u2013 oder zu Ihren Kunden \u2013 aufbauen, weit \u00fcber Gesch\u00e4ftsbeziehungen hinausgehen und sich zu lebenslangen Freundschaften entwickeln k\u00f6nnen.<\/p>\n<p>Was verkauft Stampin\u2019 Up?<\/p>\n<p>Die exklusive Linie preisgekr\u00f6nter Gummistempel ist das Flaggschiff der Stampin\u2019 Up!-Produkte. Diese Stempel verf\u00fcgen \u00fcber einzigartige Designs, die tief in das Gummi ge\u00e4tzt sind und auf Holzbl\u00f6cke montiert werden. Diese Stempel werden in thematisch abgestimmten Sets verkauft, mit denen es einfach ist, Projekte zu erstellen.<\/p>\n<p>Stampin\u2019 Up! vertreibt au\u00dferdem Tinten, Marker und Papierprodukte \u2013 alle in exklusiven Farbfamilien. Sie finden auch Verzierungen wie \u00d6sen und anderes Zubeh\u00f6r, um das Basteln mit Papier einfacher, schneller und spannender zu machen.<\/p>\n<p>Wie kann ich Stampin\u2019 Up! Produkte kaufen?<\/p>\n<p>Unsere Produkte werden \u00fcber ein Netzwerk unabh\u00e4ngiger Verkaufsberater vertrieben, die \u201eDemonstratoren\u201c genannt werden. Sie k\u00f6nnen einen Demonstrator kontaktieren, um individuelle Bestellungen aufzugeben, aber wir empfehlen Ihnen, sich mit einem Demonstrator zu verabreden, um einen Workshop bei sich zu Hause auszurichten. Ein Workshop von Stampin\u2019 Up! ist ein Abend voll von Freude und Freunden sowie einer pers\u00f6nlichen Einweisung in die Kunst des Gummistempelns durch einen Stampin\u2019 Up!-Demonstrator.<\/p>\n<p>Quelle :http:\/\/www2.stampinup.com\/<\/p>\n","protected":false},"excerpt":{"rendered":"<p>Was ist Stampin up ? Stampin\u2019 Up! ist eine Gesellschaft mit Direktvertrieb, die Gummistempel und Papierbastelprodukte durch eintest<\/p>\n","protected":false},"author":1,"featured_media":0,"parent":0,"menu_order":0,"comment_status":"closed","ping_status":"closed","template":"","meta":{"footnotes":""},"class_list":["post-46","page","type-page","status-publish","hentry"],"jetpack_likes_enabled":false,"jetpack_sharing_enabled":true,"_links":{"self":[{"href":"https:\/\/bia-bloggt.de\/startseite\/wp-json\/wp\/v2\/pages\/46","targetHints":{"allow":["GET"]}}],"collection":[{"href":"https:\/\/bia-bloggt.de\/startseite\/wp-json\/wp\/v2\/pages"}],"about":[{"href":"https:\/\/bia-bloggt.de\/startseite\/wp-json\/wp\/v2\/types\/page"}],"author":[{"embeddable":true,"href":"https:\/\/bia-bloggt.de\/startseite\/wp-json\/wp\/v2\/users\/1"}],"replies":[{"embeddable":true,"href":"https:\/\/bia-bloggt.de\/startseite\/wp-json\/wp\/v2\/comments?post=46"}],"version-history":[{"count":5,"href":"https:\/\/bia-bloggt.de\/startseite\/wp-json\/wp\/v2\/pages\/46\/revisions"}],"predecessor-version":[{"id":1961,"href":"https:\/\/bia-bloggt.de\/startseite\/wp-json\/wp\/v2\/pages\/46\/revisions\/1961"}],"wp:attachment":[{"href":"https:\/\/bia-bloggt.de\/startseite\/wp-json\/wp\/v2\/media?parent=46"}],"curies":[{"name":"wp","href":"https:\/\/api.w.org\/{rel}","templated":true}]}}